{"id":82,"date":"2018-04-24T09:03:30","date_gmt":"2018-04-24T09:03:30","guid":{"rendered":"http:\/\/demo.acmethemes.com\/construction-field-pro\/?page_id=82"},"modified":"2018-06-21T14:31:34","modified_gmt":"2018-06-21T14:31:34","slug":"noleggio-attrezzatura-per-edilizia","status":"publish","type":"page","link":"https:\/\/allservicesrls.com\/?page_id=82","title":{"rendered":"Noleggio attrezzatura per edilizia"},"content":{"rendered":"<div id=\"pl-82\"  class=\"panel-layout\" ><div id=\"pg-82-0\"  class=\"panel-grid panel-no-style\" ><div id=\"pgc-82-0-0\"  class=\"panel-grid-cell\" ><div id=\"panel-82-0-0-0\" class=\"so-panel widget widget_sow-headline panel-first-child\" data-index=\"0\" ><div\n\t\t\t\n\t\t\tclass=\"so-widget-sow-headline so-widget-sow-headline-default-ea0af4cf39ae-82\"\n\t\t\t\n\t\t><div class=\"sow-headline-container \">\n\t\t\t\t\t\t<div class=\"decoration\">\n\t\t\t\t\t\t<div class=\"decoration-inside\"><\/div>\n\t\t\t\t\t<\/div>\n\t\t\t\t\t<\/div>\n<\/div><\/div><div id=\"panel-82-0-0-1\" class=\"so-panel widget widget_sow-editor\" data-index=\"1\" ><div\n\t\t\t\n\t\t\tclass=\"so-widget-sow-editor so-widget-sow-editor-base\"\n\t\t\t\n\t\t>\n<div class=\"siteorigin-widget-tinymce textwidget\">\n\t<p style=\"text-align: justify;\">Il noleggio di attrezzature, in Italia riveste sempre di pi\u00f9 un ruolo fondamentale, il noleggio di questi mezzi contribuisce ormai da decenni a migliorare la qualit\u00e0 e la redditivit\u00e0 dei professionisti di settori come l'edilizia, i trasporti, l'agricoltura ed il giardinaggio.<\/p>\n<p style=\"text-align: justify;\">I nostri macchinari a noleggio sono ideali per agevolare il tuo lavoro in qualsiasi situazione. Fra i principali vantaggi vi sono sicuramente la massima sicurezza e stabilit\u00e0, la semplicit\u00e0 e rapidit\u00e0 di montaggio, oltre che la maneggevolezza d\u2019uso data dal ridotto ingombro, che garantisce agli operatori di arrivare in perfetta sicurezza anche alle massime altezze, sia in esterno che in interno.<\/p>\n<p style=\"text-align: justify;\">Attraverso il nostro spirito d\u2019innovazione e intraprendenza, abbiamo scelto macchinari con soluzioni tecnologiche in grado di apportare vantaggi sulla sicurezza.<\/p>\n<p>\u00a0<\/p>\n<\/div>\n<\/div><\/div><div id=\"panel-82-0-0-2\" class=\"so-panel widget widget_construction_field_gallery panel-last-child\" data-index=\"2\" >            <section id=\"construction_field_gallery-3\" class=\"at-widgets acme-gallery\">\n                <div class=\"full-width-container\">\n                                            <div class=\"row fullwidth-row\">\n                                                                <div class=\"at-gallery-item  col-xs-12 col-md-4\">\n                                        <div class=\"gallery-inner-item init-animate zoomIn\">\n                                            <div class=\"at-bottom-lower\">\n                                                <h3>\n                                                    <a title=\"Sollevatore a pantografo elettrico 3369LE\" href=\"https:\/\/allservicesrls.com\/?page_id=1403\">\n\t\t                                                Sollevatore a pantografo elettrico 3369LE                                                    <\/a>\n                                                <\/h3>\n                                                                                            <\/div>\n                                            <div class=\"at-gallery-hover\"><\/div>\n\t                                                                                    <a title=\"Sollevatore a pantografo elettrico 3369LE\" href=\"https:\/\/allservicesrls.com\/?page_id=1403\">\n                                                <img decoding=\"async\" src=\"https:\/\/allservicesrls.com\/wp-content\/uploads\/2018\/06\/3369LE-Driving-mud-340x240.jpg\" alt=\"Sollevatore a pantografo elettrico 3369LE\" title=\"Sollevatore a pantografo elettrico 3369LE\" \/>\n                                            <\/a>\n                                        <\/div>\n                                    <\/div>\n                                                                        <div class=\"at-gallery-item  col-xs-12 col-md-4\">\n                                        <div class=\"gallery-inner-item init-animate zoomIn\">\n                                            <div class=\"at-bottom-lower\">\n                                                <h3>\n                                                    <a title=\"Piattaforma verticale elettrica GS 2632 &#8211; CTE\" href=\"https:\/\/allservicesrls.com\/?page_id=1384\">\n\t\t                                                Piattaforma verticale elettrica GS 2632 &#8211; CTE                                                    <\/a>\n                                                <\/h3>\n                                                                                            <\/div>\n                                            <div class=\"at-gallery-hover\"><\/div>\n\t                                                                                    <a title=\"Piattaforma verticale elettrica GS 2632 &#8211; CTE\" href=\"https:\/\/allservicesrls.com\/?page_id=1384\">\n                                                <img decoding=\"async\" src=\"https:\/\/allservicesrls.com\/wp-content\/uploads\/2018\/06\/GS2632_2-340x240.jpg\" alt=\"Piattaforma verticale elettrica GS 2632 &#8211; CTE\" title=\"Piattaforma verticale elettrica GS 2632 &#8211; CTE\" \/>\n                                            <\/a>\n                                        <\/div>\n                                    <\/div>\n                                                                        <div class=\"at-gallery-item  col-xs-12 col-md-4\">\n                                        <div class=\"gallery-inner-item init-animate zoomIn\">\n                                            <div class=\"at-bottom-lower\">\n                                                <h3>\n                                                    <a title=\"Piattaforma aerea 36 metri \u2013 2 \u2013 Oil &#038; Steel Eagle 3526\" href=\"https:\/\/allservicesrls.com\/?page_id=1411\">\n\t\t                                                Piattaforma aerea 36 metri \u2013 2 \u2013 Oil &#038; Steel Eagle 3526                                                    <\/a>\n                                                <\/h3>\n                                                                                            <\/div>\n                                            <div class=\"at-gallery-hover\"><\/div>\n\t                                                                                    <a title=\"Piattaforma aerea 36 metri \u2013 2 \u2013 Oil &#038; Steel Eagle 3526\" href=\"https:\/\/allservicesrls.com\/?page_id=1411\">\n                                                <img decoding=\"async\" src=\"https:\/\/allservicesrls.com\/wp-content\/uploads\/2018\/06\/prod_36_2_BIG3-340x240.jpg\" alt=\"Piattaforma aerea 36 metri \u2013 2 \u2013 Oil &#038; Steel Eagle 3526\" title=\"Piattaforma aerea 36 metri \u2013 2 \u2013 Oil &#038; Steel Eagle 3526\" \/>\n                                            <\/a>\n                                        <\/div>\n                                    <\/div>\n                                                            <\/div><!--row-->\n\t                                    <\/div>\n            <\/section>\n            <\/div><\/div><\/div><\/div>","protected":false},"excerpt":{"rendered":"<p>Il noleggio di attrezzature, in Italia riveste sempre di pi\u00f9 un ruolo fondamentale, il noleggio di questi mezzi contribuisce ormai da decenni a migliorare la qualit\u00e0 e la redditivit\u00e0 dei professionisti di settori come l&#8217;edilizia, i trasporti, l&#8217;agricoltura ed il giardinaggio.<\/p>\n","protected":false},"author":1,"featured_media":815,"parent":0,"menu_order":0,"comment_status":"closed","ping_status":"closed","template":"","meta":{"footnotes":""},"class_list":["post-82","page","type-page","status-publish","has-post-thumbnail","hentry"],"yoast_head":"<!-- This site is optimized with the Yoast SEO plugin v26.6 - https:\/\/yoast.com\/wordpress\/plugins\/seo\/ -->\n<title>Noleggio attrezzatura per edilizia - All Service Srls<\/title>\n<meta name=\"description\" content=\"Disponiamo di molte attrezzature specifiche per il settore edile adatte a soddisfare ogni tipo di richiesta: carotatrici manuali e a colonna, smerigliatrici, piastre vibranti e vibrocostipatori, tagliasfalti e diversi modelli di tagliapiastrelle. Noleggiamo anche attrezzature per il movimento terra, miniescavatori e motocarriole ed attrezzature per piccoli cantieri come mini betoniere, generatori aria calda e molto altro.\" \/>\n<meta name=\"robots\" content=\"index, follow, max-snippet:-1, max-image-preview:large, max-video-preview:-1\" \/>\n<link rel=\"canonical\" href=\"https:\/\/allservicesrls.com\/?page_id=82\" \/>\n<meta property=\"og:locale\" content=\"it_IT\" \/>\n<meta property=\"og:type\" content=\"article\" \/>\n<meta property=\"og:title\" content=\"Noleggio attrezzatura per edilizia - All Service Srls\" \/>\n<meta property=\"og:description\" content=\"Disponiamo di molte attrezzature specifiche per il settore edile adatte a soddisfare ogni tipo di richiesta: carotatrici manuali e a colonna, smerigliatrici, piastre vibranti e vibrocostipatori, tagliasfalti e diversi modelli di tagliapiastrelle. Noleggiamo anche attrezzature per il movimento terra, miniescavatori e motocarriole ed attrezzature per piccoli cantieri come mini betoniere, generatori aria calda e molto altro.\" \/>\n<meta property=\"og:url\" content=\"https:\/\/allservicesrls.com\/?page_id=82\" \/>\n<meta property=\"og:site_name\" content=\"All Service Srls\" \/>\n<meta property=\"article:modified_time\" content=\"2018-06-21T14:31:34+00:00\" \/>\n<meta property=\"og:image\" content=\"https:\/\/allservicesrls.com\/wp-content\/uploads\/2018\/05\/daily-center-iveco-suzzara-.jpg\" \/>\n\t<meta property=\"og:image:width\" content=\"2048\" \/>\n\t<meta property=\"og:image:height\" content=\"1152\" \/>\n\t<meta property=\"og:image:type\" content=\"image\/jpeg\" \/>\n<meta name=\"twitter:card\" content=\"summary_large_image\" \/>\n<meta name=\"twitter:label1\" content=\"Tempo di lettura stimato\" \/>\n\t<meta name=\"twitter:data1\" content=\"1 minuto\" \/>\n<script type=\"application\/ld+json\" class=\"yoast-schema-graph\">{\"@context\":\"https:\/\/schema.org\",\"@graph\":[{\"@type\":\"WebPage\",\"@id\":\"https:\/\/allservicesrls.com\/?page_id=82\",\"url\":\"https:\/\/allservicesrls.com\/?page_id=82\",\"name\":\"Noleggio attrezzatura per edilizia - All Service Srls\",\"isPartOf\":{\"@id\":\"https:\/\/allservicesrls.com\/#website\"},\"primaryImageOfPage\":{\"@id\":\"https:\/\/allservicesrls.com\/?page_id=82#primaryimage\"},\"image\":{\"@id\":\"https:\/\/allservicesrls.com\/?page_id=82#primaryimage\"},\"thumbnailUrl\":\"https:\/\/allservicesrls.com\/wp-content\/uploads\/2018\/05\/daily-center-iveco-suzzara-.jpg\",\"datePublished\":\"2018-04-24T09:03:30+00:00\",\"dateModified\":\"2018-06-21T14:31:34+00:00\",\"description\":\"Disponiamo di molte attrezzature specifiche per il settore edile adatte a soddisfare ogni tipo di richiesta: carotatrici manuali e a colonna, smerigliatrici, piastre vibranti e vibrocostipatori, tagliasfalti e diversi modelli di tagliapiastrelle. Noleggiamo anche attrezzature per il movimento terra, miniescavatori e motocarriole ed attrezzature per piccoli cantieri come mini betoniere, generatori aria calda e molto altro.\",\"breadcrumb\":{\"@id\":\"https:\/\/allservicesrls.com\/?page_id=82#breadcrumb\"},\"inLanguage\":\"it-IT\",\"potentialAction\":[{\"@type\":\"ReadAction\",\"target\":[\"https:\/\/allservicesrls.com\/?page_id=82\"]}]},{\"@type\":\"ImageObject\",\"inLanguage\":\"it-IT\",\"@id\":\"https:\/\/allservicesrls.com\/?page_id=82#primaryimage\",\"url\":\"https:\/\/allservicesrls.com\/wp-content\/uploads\/2018\/05\/daily-center-iveco-suzzara-.jpg\",\"contentUrl\":\"https:\/\/allservicesrls.com\/wp-content\/uploads\/2018\/05\/daily-center-iveco-suzzara-.jpg\",\"width\":2048,\"height\":1152},{\"@type\":\"BreadcrumbList\",\"@id\":\"https:\/\/allservicesrls.com\/?page_id=82#breadcrumb\",\"itemListElement\":[{\"@type\":\"ListItem\",\"position\":1,\"name\":\"Home\",\"item\":\"https:\/\/allservicesrls.com\/\"},{\"@type\":\"ListItem\",\"position\":2,\"name\":\"Noleggio attrezzatura per edilizia\"}]},{\"@type\":\"WebSite\",\"@id\":\"https:\/\/allservicesrls.com\/#website\",\"url\":\"https:\/\/allservicesrls.com\/\",\"name\":\"All Service Srls\",\"description\":\"Costruzioni\",\"publisher\":{\"@id\":\"https:\/\/allservicesrls.com\/#organization\"},\"potentialAction\":[{\"@type\":\"SearchAction\",\"target\":{\"@type\":\"EntryPoint\",\"urlTemplate\":\"https:\/\/allservicesrls.com\/?s={search_term_string}\"},\"query-input\":{\"@type\":\"PropertyValueSpecification\",\"valueRequired\":true,\"valueName\":\"search_term_string\"}}],\"inLanguage\":\"it-IT\"},{\"@type\":\"Organization\",\"@id\":\"https:\/\/allservicesrls.com\/#organization\",\"name\":\"All Service Srls\",\"url\":\"https:\/\/allservicesrls.com\/\",\"logo\":{\"@type\":\"ImageObject\",\"inLanguage\":\"it-IT\",\"@id\":\"https:\/\/allservicesrls.com\/#\/schema\/logo\/image\/\",\"url\":\"https:\/\/allservicesrls.com\/wp-content\/uploads\/2018\/05\/all-service-logo.png\",\"contentUrl\":\"https:\/\/allservicesrls.com\/wp-content\/uploads\/2018\/05\/all-service-logo.png\",\"width\":327,\"height\":123,\"caption\":\"All Service Srls\"},\"image\":{\"@id\":\"https:\/\/allservicesrls.com\/#\/schema\/logo\/image\/\"}}]}<\/script>\n<!-- \/ Yoast SEO plugin. -->","yoast_head_json":{"title":"Noleggio attrezzatura per edilizia - All Service Srls","description":"Disponiamo di molte attrezzature specifiche per il settore edile adatte a soddisfare ogni tipo di richiesta: carotatrici manuali e a colonna, smerigliatrici, piastre vibranti e vibrocostipatori, tagliasfalti e diversi modelli di tagliapiastrelle. Noleggiamo anche attrezzature per il movimento terra, miniescavatori e motocarriole ed attrezzature per piccoli cantieri come mini betoniere, generatori aria calda e molto altro.","robots":{"index":"index","follow":"follow","max-snippet":"max-snippet:-1","max-image-preview":"max-image-preview:large","max-video-preview":"max-video-preview:-1"},"canonical":"https:\/\/allservicesrls.com\/?page_id=82","og_locale":"it_IT","og_type":"article","og_title":"Noleggio attrezzatura per edilizia - All Service Srls","og_description":"Disponiamo di molte attrezzature specifiche per il settore edile adatte a soddisfare ogni tipo di richiesta: carotatrici manuali e a colonna, smerigliatrici, piastre vibranti e vibrocostipatori, tagliasfalti e diversi modelli di tagliapiastrelle. Noleggiamo anche attrezzature per il movimento terra, miniescavatori e motocarriole ed attrezzature per piccoli cantieri come mini betoniere, generatori aria calda e molto altro.","og_url":"https:\/\/allservicesrls.com\/?page_id=82","og_site_name":"All Service Srls","article_modified_time":"2018-06-21T14:31:34+00:00","og_image":[{"width":2048,"height":1152,"url":"https:\/\/allservicesrls.com\/wp-content\/uploads\/2018\/05\/daily-center-iveco-suzzara-.jpg","type":"image\/jpeg"}],"twitter_card":"summary_large_image","twitter_misc":{"Tempo di lettura stimato":"1 minuto"},"schema":{"@context":"https:\/\/schema.org","@graph":[{"@type":"WebPage","@id":"https:\/\/allservicesrls.com\/?page_id=82","url":"https:\/\/allservicesrls.com\/?page_id=82","name":"Noleggio attrezzatura per edilizia - All Service Srls","isPartOf":{"@id":"https:\/\/allservicesrls.com\/#website"},"primaryImageOfPage":{"@id":"https:\/\/allservicesrls.com\/?page_id=82#primaryimage"},"image":{"@id":"https:\/\/allservicesrls.com\/?page_id=82#primaryimage"},"thumbnailUrl":"https:\/\/allservicesrls.com\/wp-content\/uploads\/2018\/05\/daily-center-iveco-suzzara-.jpg","datePublished":"2018-04-24T09:03:30+00:00","dateModified":"2018-06-21T14:31:34+00:00","description":"Disponiamo di molte attrezzature specifiche per il settore edile adatte a soddisfare ogni tipo di richiesta: carotatrici manuali e a colonna, smerigliatrici, piastre vibranti e vibrocostipatori, tagliasfalti e diversi modelli di tagliapiastrelle. Noleggiamo anche attrezzature per il movimento terra, miniescavatori e motocarriole ed attrezzature per piccoli cantieri come mini betoniere, generatori aria calda e molto altro.","breadcrumb":{"@id":"https:\/\/allservicesrls.com\/?page_id=82#breadcrumb"},"inLanguage":"it-IT","potentialAction":[{"@type":"ReadAction","target":["https:\/\/allservicesrls.com\/?page_id=82"]}]},{"@type":"ImageObject","inLanguage":"it-IT","@id":"https:\/\/allservicesrls.com\/?page_id=82#primaryimage","url":"https:\/\/allservicesrls.com\/wp-content\/uploads\/2018\/05\/daily-center-iveco-suzzara-.jpg","contentUrl":"https:\/\/allservicesrls.com\/wp-content\/uploads\/2018\/05\/daily-center-iveco-suzzara-.jpg","width":2048,"height":1152},{"@type":"BreadcrumbList","@id":"https:\/\/allservicesrls.com\/?page_id=82#breadcrumb","itemListElement":[{"@type":"ListItem","position":1,"name":"Home","item":"https:\/\/allservicesrls.com\/"},{"@type":"ListItem","position":2,"name":"Noleggio attrezzatura per edilizia"}]},{"@type":"WebSite","@id":"https:\/\/allservicesrls.com\/#website","url":"https:\/\/allservicesrls.com\/","name":"All Service Srls","description":"Costruzioni","publisher":{"@id":"https:\/\/allservicesrls.com\/#organization"},"potentialAction":[{"@type":"SearchAction","target":{"@type":"EntryPoint","urlTemplate":"https:\/\/allservicesrls.com\/?s={search_term_string}"},"query-input":{"@type":"PropertyValueSpecification","valueRequired":true,"valueName":"search_term_string"}}],"inLanguage":"it-IT"},{"@type":"Organization","@id":"https:\/\/allservicesrls.com\/#organization","name":"All Service Srls","url":"https:\/\/allservicesrls.com\/","logo":{"@type":"ImageObject","inLanguage":"it-IT","@id":"https:\/\/allservicesrls.com\/#\/schema\/logo\/image\/","url":"https:\/\/allservicesrls.com\/wp-content\/uploads\/2018\/05\/all-service-logo.png","contentUrl":"https:\/\/allservicesrls.com\/wp-content\/uploads\/2018\/05\/all-service-logo.png","width":327,"height":123,"caption":"All Service Srls"},"image":{"@id":"https:\/\/allservicesrls.com\/#\/schema\/logo\/image\/"}}]}},"_links":{"self":[{"href":"https:\/\/allservicesrls.com\/index.php?rest_route=\/wp\/v2\/pages\/82","targetHints":{"allow":["GET"]}}],"collection":[{"href":"https:\/\/allservicesrls.com\/index.php?rest_route=\/wp\/v2\/pages"}],"about":[{"href":"https:\/\/allservicesrls.com\/index.php?rest_route=\/wp\/v2\/types\/page"}],"author":[{"embeddable":true,"href":"https:\/\/allservicesrls.com\/index.php?rest_route=\/wp\/v2\/users\/1"}],"replies":[{"embeddable":true,"href":"https:\/\/allservicesrls.com\/index.php?rest_route=%2Fwp%2Fv2%2Fcomments&post=82"}],"version-history":[{"count":11,"href":"https:\/\/allservicesrls.com\/index.php?rest_route=\/wp\/v2\/pages\/82\/revisions"}],"predecessor-version":[{"id":1430,"href":"https:\/\/allservicesrls.com\/index.php?rest_route=\/wp\/v2\/pages\/82\/revisions\/1430"}],"wp:featuredmedia":[{"embeddable":true,"href":"https:\/\/allservicesrls.com\/index.php?rest_route=\/wp\/v2\/media\/815"}],"wp:attachment":[{"href":"https:\/\/allservicesrls.com\/index.php?rest_route=%2Fwp%2Fv2%2Fmedia&parent=82"}],"curies":[{"name":"wp","href":"https:\/\/api.w.org\/{rel}","templated":true}]}}