{"id":29,"date":"2018-04-24T08:31:34","date_gmt":"2018-04-24T08:31:34","guid":{"rendered":"http:\/\/demo.acmethemes.com\/construction-field-pro\/?page_id=29"},"modified":"2018-08-03T09:19:36","modified_gmt":"2018-08-03T09:19:36","slug":"services","status":"publish","type":"page","link":"https:\/\/allservicesrls.com\/?page_id=29","title":{"rendered":"Servizi"},"content":{"rendered":"<div id=\"pl-29\"  class=\"panel-layout\" ><div id=\"pg-29-0\"  class=\"panel-grid panel-no-style\" ><div id=\"pgc-29-0-0\"  class=\"panel-grid-cell\" ><div id=\"panel-29-0-0-0\" class=\"so-panel widget widget_construction_field_service panel-first-child panel-last-child\" data-index=\"0\" >            <section id=\"construction_field_service-3\" class=\"at-widgets acme-services \">\r\n                <div class=\"container\">\r\n\t\t\t\t\t                    <div class=\"row featured-entries-col featured-entries-logo\">\r\n\t\t\t\t\t\t                            <div class=\"col-md-4\">\r\n                                                                    <div class=\"single-list  column\">\r\n                                        <div class=\"single-item left-wrapper init-animate zoomIn\">\r\n                                            <div class=\"single-service-content\">\r\n                                                <h3 class=\"title\">\r\n                                                    <a title=\"Fornitura Servizi alle Aziende\" href=\"https:\/\/allservicesrls.com\/?page_id=89\">\r\n\t\t                                                Fornitura Servizi alle Aziende                                                    <\/a>\r\n                                                <\/h3>\r\n                                                <div class=\"content\">\r\n                                                    <div class=\"details\">\r\n\t                                                                                                        <\/div>\r\n                                                <\/div>\r\n                                            <\/div>\r\n                                            <div class=\"icon clearfix\">\r\n\t                                                                                                <a href=\"https:\/\/allservicesrls.com\/?page_id=89\" class=\"all-link\">\r\n                                                        <i class=\"fa fa-cubes\"><\/i>\r\n                                                    <\/a>\r\n\t\t                                                                                        <\/div>\r\n                                        <\/div>\r\n                                    <\/div>\r\n\t\t\t\t\t\t\t\t\t                                    <div class=\"single-list  column\">\r\n                                        <div class=\"single-item left-wrapper init-animate zoomIn\">\r\n                                            <div class=\"single-service-content\">\r\n                                                <h3 class=\"title\">\r\n                                                    <a title=\"Noleggio attrezzatura per edilizia\" href=\"https:\/\/allservicesrls.com\/?page_id=82\">\r\n\t\t                                                Noleggio attrezzatura per edilizia                                                    <\/a>\r\n                                                <\/h3>\r\n                                                <div class=\"content\">\r\n                                                    <div class=\"details\">\r\n\t                                                    <p>Il noleggio di attrezzature, in Italia riveste sempre di pi\u00f9 un ruolo fondamentale, il noleggio di questi mezzi contribuisce ormai da decenni a migliorare la qualit\u00e0 e la redditivit\u00e0 dei professionisti di settori come l&#8217;edilizia, i trasporti, l&#8217;agricoltura ed il giardinaggio.<\/p>\n                                                    <\/div>\r\n                                                <\/div>\r\n                                            <\/div>\r\n                                            <div class=\"icon clearfix\">\r\n\t                                                                                                <a href=\"https:\/\/allservicesrls.com\/?page_id=82\" class=\"all-link\">\r\n                                                        <i class=\"fa fa-building\"><\/i>\r\n                                                    <\/a>\r\n\t\t                                                                                        <\/div>\r\n                                        <\/div>\r\n                                    <\/div>\r\n\t\t\t\t\t\t\t\t\t                            <\/div>\r\n                                                            <div class=\"col-md-4\">\r\n                                    <div class=\"featured-image-wrap\">\r\n                                        <img decoding=\"async\" src=\"https:\/\/allservicesrls.com\/wp-content\/uploads\/2018\/08\/construction-workers.jpg\">\r\n                                    <\/div>\r\n                                <\/div>\r\n                                                            <div class=\"col-md-4\">\r\n                                                                    <div class=\"single-list  column\">\r\n                                        <div class=\"single-item right-wrapper  init-animate zoomIn\">\r\n                                            <div class=\"single-service-content\">\r\n                                                <h3 class=\"title\">\r\n                                                    <a title=\"Impianti fotovoltaici\" href=\"https:\/\/allservicesrls.com\/?page_id=91\">\r\n\t\t                                                Impianti fotovoltaici                                                    <\/a>\r\n                                                <\/h3>\r\n                                                <div class=\"content\">\r\n                                                    <div class=\"details\">\r\n\t\t\t                                            <p>Esperienza, professionalit\u00e0 e centinaia di impianti a pannelli solari fotovoltaici installati in tutta Italia:<br \/>\nl\u2019 installazione di un impianto fotovoltaico \u00e8 una delle fasi pi\u00f9 delicate. E\u2019 il momento in cui dal progetto su carta si passa al cantiere vero e proprio e richiede un alto livello di professionalit\u00e0 ed esperienza.<\/p>\n                                                    <\/div>\r\n                                                <\/div>\r\n                                            <\/div>\r\n                                            <div class=\"icon clearfix\">\r\n\t                                                                                                <a href=\"https:\/\/allservicesrls.com\/?page_id=91\" class=\"all-link\">\r\n                                                        <i class=\"fa fa-bolt\"><\/i>\r\n                                                    <\/a>\r\n\t\t                                                                                        <\/div>\r\n                                        <\/div>\r\n                                    <\/div>\r\n                                                                <\/div>\r\n\t\t\t\t\t\t\t                    <\/div><!--row-->\r\n                <\/div><!--cointainer-->\r\n            <\/section>\r\n\t\t\t<\/div><\/div><\/div><\/div>","protected":false},"excerpt":{"rendered":"<p>Il noleggio di attrezzature, in Italia riveste sempre di pi\u00f9 un ruolo fondamentale, il noleggio di questi mezzi contribuisce ormai da decenni a migliorare la qualit\u00e0 e la redditivit\u00e0 dei professionisti di settori come l&#8217;edilizia, i trasporti, l&#8217;agricoltura ed il giardinaggio.I nostri macchinari a noleggio sono ideali per agevolare il tuo lavoro in qualsiasi situazione. [&hellip;]<\/p>\n","protected":false},"author":1,"featured_media":0,"parent":0,"menu_order":0,"comment_status":"closed","ping_status":"closed","template":"","meta":{"footnotes":""},"class_list":["post-29","page","type-page","status-publish","hentry"],"yoast_head":"<!-- This site is optimized with the Yoast SEO plugin v26.6 - https:\/\/yoast.com\/wordpress\/plugins\/seo\/ -->\n<title>Servizi - All Service Srls<\/title>\n<meta name=\"robots\" content=\"index, follow, max-snippet:-1, max-image-preview:large, max-video-preview:-1\" \/>\n<link rel=\"canonical\" href=\"https:\/\/allservicesrls.com\/?page_id=29\" \/>\n<meta property=\"og:locale\" content=\"it_IT\" \/>\n<meta property=\"og:type\" content=\"article\" \/>\n<meta property=\"og:title\" content=\"Servizi - All Service Srls\" \/>\n<meta property=\"og:description\" content=\"Il noleggio di attrezzature, in Italia riveste sempre di pi\u00f9 un ruolo fondamentale, il noleggio di questi mezzi contribuisce ormai da decenni a migliorare la qualit\u00e0 e la redditivit\u00e0 dei professionisti di settori come l&#039;edilizia, i trasporti, l&#039;agricoltura ed il giardinaggio.I nostri macchinari a noleggio sono ideali per agevolare il tuo lavoro in qualsiasi situazione. [&hellip;]\" \/>\n<meta property=\"og:url\" content=\"https:\/\/allservicesrls.com\/?page_id=29\" \/>\n<meta property=\"og:site_name\" content=\"All Service Srls\" \/>\n<meta property=\"article:modified_time\" content=\"2018-08-03T09:19:36+00:00\" \/>\n<meta name=\"twitter:card\" content=\"summary_large_image\" \/>\n<script type=\"application\/ld+json\" class=\"yoast-schema-graph\">{\"@context\":\"https:\/\/schema.org\",\"@graph\":[{\"@type\":\"WebPage\",\"@id\":\"https:\/\/allservicesrls.com\/?page_id=29\",\"url\":\"https:\/\/allservicesrls.com\/?page_id=29\",\"name\":\"Servizi - All Service Srls\",\"isPartOf\":{\"@id\":\"https:\/\/allservicesrls.com\/#website\"},\"datePublished\":\"2018-04-24T08:31:34+00:00\",\"dateModified\":\"2018-08-03T09:19:36+00:00\",\"breadcrumb\":{\"@id\":\"https:\/\/allservicesrls.com\/?page_id=29#breadcrumb\"},\"inLanguage\":\"it-IT\",\"potentialAction\":[{\"@type\":\"ReadAction\",\"target\":[\"https:\/\/allservicesrls.com\/?page_id=29\"]}]},{\"@type\":\"BreadcrumbList\",\"@id\":\"https:\/\/allservicesrls.com\/?page_id=29#breadcrumb\",\"itemListElement\":[{\"@type\":\"ListItem\",\"position\":1,\"name\":\"Home\",\"item\":\"https:\/\/allservicesrls.com\/\"},{\"@type\":\"ListItem\",\"position\":2,\"name\":\"Servizi\"}]},{\"@type\":\"WebSite\",\"@id\":\"https:\/\/allservicesrls.com\/#website\",\"url\":\"https:\/\/allservicesrls.com\/\",\"name\":\"All Service Srls\",\"description\":\"Costruzioni\",\"publisher\":{\"@id\":\"https:\/\/allservicesrls.com\/#organization\"},\"potentialAction\":[{\"@type\":\"SearchAction\",\"target\":{\"@type\":\"EntryPoint\",\"urlTemplate\":\"https:\/\/allservicesrls.com\/?s={search_term_string}\"},\"query-input\":{\"@type\":\"PropertyValueSpecification\",\"valueRequired\":true,\"valueName\":\"search_term_string\"}}],\"inLanguage\":\"it-IT\"},{\"@type\":\"Organization\",\"@id\":\"https:\/\/allservicesrls.com\/#organization\",\"name\":\"All Service Srls\",\"url\":\"https:\/\/allservicesrls.com\/\",\"logo\":{\"@type\":\"ImageObject\",\"inLanguage\":\"it-IT\",\"@id\":\"https:\/\/allservicesrls.com\/#\/schema\/logo\/image\/\",\"url\":\"https:\/\/allservicesrls.com\/wp-content\/uploads\/2018\/05\/all-service-logo.png\",\"contentUrl\":\"https:\/\/allservicesrls.com\/wp-content\/uploads\/2018\/05\/all-service-logo.png\",\"width\":327,\"height\":123,\"caption\":\"All Service Srls\"},\"image\":{\"@id\":\"https:\/\/allservicesrls.com\/#\/schema\/logo\/image\/\"}}]}<\/script>\n<!-- \/ Yoast SEO plugin. -->","yoast_head_json":{"title":"Servizi - All Service Srls","robots":{"index":"index","follow":"follow","max-snippet":"max-snippet:-1","max-image-preview":"max-image-preview:large","max-video-preview":"max-video-preview:-1"},"canonical":"https:\/\/allservicesrls.com\/?page_id=29","og_locale":"it_IT","og_type":"article","og_title":"Servizi - All Service Srls","og_description":"Il noleggio di attrezzature, in Italia riveste sempre di pi\u00f9 un ruolo fondamentale, il noleggio di questi mezzi contribuisce ormai da decenni a migliorare la qualit\u00e0 e la redditivit\u00e0 dei professionisti di settori come l'edilizia, i trasporti, l'agricoltura ed il giardinaggio.I nostri macchinari a noleggio sono ideali per agevolare il tuo lavoro in qualsiasi situazione. [&hellip;]","og_url":"https:\/\/allservicesrls.com\/?page_id=29","og_site_name":"All Service Srls","article_modified_time":"2018-08-03T09:19:36+00:00","twitter_card":"summary_large_image","schema":{"@context":"https:\/\/schema.org","@graph":[{"@type":"WebPage","@id":"https:\/\/allservicesrls.com\/?page_id=29","url":"https:\/\/allservicesrls.com\/?page_id=29","name":"Servizi - All Service Srls","isPartOf":{"@id":"https:\/\/allservicesrls.com\/#website"},"datePublished":"2018-04-24T08:31:34+00:00","dateModified":"2018-08-03T09:19:36+00:00","breadcrumb":{"@id":"https:\/\/allservicesrls.com\/?page_id=29#breadcrumb"},"inLanguage":"it-IT","potentialAction":[{"@type":"ReadAction","target":["https:\/\/allservicesrls.com\/?page_id=29"]}]},{"@type":"BreadcrumbList","@id":"https:\/\/allservicesrls.com\/?page_id=29#breadcrumb","itemListElement":[{"@type":"ListItem","position":1,"name":"Home","item":"https:\/\/allservicesrls.com\/"},{"@type":"ListItem","position":2,"name":"Servizi"}]},{"@type":"WebSite","@id":"https:\/\/allservicesrls.com\/#website","url":"https:\/\/allservicesrls.com\/","name":"All Service Srls","description":"Costruzioni","publisher":{"@id":"https:\/\/allservicesrls.com\/#organization"},"potentialAction":[{"@type":"SearchAction","target":{"@type":"EntryPoint","urlTemplate":"https:\/\/allservicesrls.com\/?s={search_term_string}"},"query-input":{"@type":"PropertyValueSpecification","valueRequired":true,"valueName":"search_term_string"}}],"inLanguage":"it-IT"},{"@type":"Organization","@id":"https:\/\/allservicesrls.com\/#organization","name":"All Service Srls","url":"https:\/\/allservicesrls.com\/","logo":{"@type":"ImageObject","inLanguage":"it-IT","@id":"https:\/\/allservicesrls.com\/#\/schema\/logo\/image\/","url":"https:\/\/allservicesrls.com\/wp-content\/uploads\/2018\/05\/all-service-logo.png","contentUrl":"https:\/\/allservicesrls.com\/wp-content\/uploads\/2018\/05\/all-service-logo.png","width":327,"height":123,"caption":"All Service Srls"},"image":{"@id":"https:\/\/allservicesrls.com\/#\/schema\/logo\/image\/"}}]}},"_links":{"self":[{"href":"https:\/\/allservicesrls.com\/index.php?rest_route=\/wp\/v2\/pages\/29","targetHints":{"allow":["GET"]}}],"collection":[{"href":"https:\/\/allservicesrls.com\/index.php?rest_route=\/wp\/v2\/pages"}],"about":[{"href":"https:\/\/allservicesrls.com\/index.php?rest_route=\/wp\/v2\/types\/page"}],"author":[{"embeddable":true,"href":"https:\/\/allservicesrls.com\/index.php?rest_route=\/wp\/v2\/users\/1"}],"replies":[{"embeddable":true,"href":"https:\/\/allservicesrls.com\/index.php?rest_route=%2Fwp%2Fv2%2Fcomments&post=29"}],"version-history":[{"count":7,"href":"https:\/\/allservicesrls.com\/index.php?rest_route=\/wp\/v2\/pages\/29\/revisions"}],"predecessor-version":[{"id":1054,"href":"https:\/\/allservicesrls.com\/index.php?rest_route=\/wp\/v2\/pages\/29\/revisions\/1054"}],"wp:attachment":[{"href":"https:\/\/allservicesrls.com\/index.php?rest_route=%2Fwp%2Fv2%2Fmedia&parent=29"}],"curies":[{"name":"wp","href":"https:\/\/api.w.org\/{rel}","templated":true}]}}